{"id":11,"date":"2017-06-15T07:46:52","date_gmt":"2017-06-15T07:46:52","guid":{"rendered":"http:\/\/domkipola\u0144czyk.pl\/?page_id=11"},"modified":"2017-07-02T12:21:30","modified_gmt":"2017-07-02T12:21:30","slug":"home","status":"publish","type":"page","link":"http:\/\/domkipola\u0144czyk.pl\/","title":{"rendered":"Home"},"content":{"rendered":"<p>Zapraszamy na wypoczynek w Bieszczady. Posiadamy ca\u0142oroczne, drewniane domki dwupoziomowe z widokiem na jezioro i g\u00f3ry, zlokalizowane w miejscowo\u015bci Pola\u0144czyk &#8211; ul. Spokojna 5.<\/p>\nngg_shortcode_0_placeholder\n<p>&nbsp;<\/p>\nngg_shortcode_1_placeholder\n","protected":false},"excerpt":{"rendered":"<p>Zapraszamy na wypoczynek w Bieszczady. Posiadamy ca\u0142oroczne, drewniane domki dwupoziomowe z widokiem na jezioro i g\u00f3ry, zlokalizowane w miejscowo\u015bci Pola\u0144czyk &#8211; ul. Spokojna 5. &#8221; template=&#8221;\/home\/virtualki\/247838\/wp-content\/plugins\/nextgen-gallery\/products\/photocrati_nextgen\/modules\/ngglegacy\/view\/gallery.php&#8221; order_by=&#8221;sortorder&#8221; order_direction=&#8221;ASC&#8221; returns=&#8221;included&#8221; maximum_entity_count=&#8221;500&#8243;] &hellip; <a class=\"readmore\" href=\"http:\/\/domkipola\u0144czyk.pl\/\">Continue Reading &rarr;<\/a><\/p>\n","protected":false},"author":1,"featured_media":0,"parent":0,"menu_order":1,"comment_status":"closed","ping_status":"closed","template":"","meta":{"ngg_post_thumbnail":0,"footnotes":""},"_links":{"self":[{"href":"http:\/\/domkipola\u0144czyk.pl\/index.php?rest_route=\/wp\/v2\/pages\/11"}],"collection":[{"href":"http:\/\/domkipola\u0144czyk.pl\/index.php?rest_route=\/wp\/v2\/pages"}],"about":[{"href":"http:\/\/domkipola\u0144czyk.pl\/index.php?rest_route=\/wp\/v2\/types\/page"}],"author":[{"embeddable":true,"href":"http:\/\/domkipola\u0144czyk.pl\/index.php?rest_route=\/wp\/v2\/users\/1"}],"replies":[{"embeddable":true,"href":"http:\/\/domkipola\u0144czyk.pl\/index.php?rest_route=%2Fwp%2Fv2%2Fcomments&post=11"}],"version-history":[{"count":7,"href":"http:\/\/domkipola\u0144czyk.pl\/index.php?rest_route=\/wp\/v2\/pages\/11\/revisions"}],"predecessor-version":[{"id":105,"href":"http:\/\/domkipola\u0144czyk.pl\/index.php?rest_route=\/wp\/v2\/pages\/11\/revisions\/105"}],"wp:attachment":[{"href":"http:\/\/domkipola\u0144czyk.pl\/index.php?rest_route=%2Fwp%2Fv2%2Fmedia&parent=11"}],"curies":[{"name":"wp","href":"https:\/\/api.w.org\/{rel}","templated":true}]}}